{"id":13350,"date":"2025-02-02T07:15:37","date_gmt":"2025-02-02T06:15:37","guid":{"rendered":"https:\/\/dishyouwell.com\/mahlzeiten-planen\/"},"modified":"2025-08-23T21:13:46","modified_gmt":"2025-08-23T19:13:46","slug":"mahlzeiten-planen","status":"publish","type":"page","link":"https:\/\/dishyouwell.com\/de\/mahlzeiten-planen\/","title":{"rendered":"Mahlzeiten planen"},"content":{"rendered":"\n<p>Hier kannst du Rezepte speichern, die du in <a href=\"https:\/\/dishyouwell.com\/de\/rezepte-finden\/\"><strong>der Suche<\/strong><\/a> findest.<\/p>\n\n<p>Nutze Sammlungen, um deine Lieblingsrezepte zu speichern und Mahlzeiten zu planen. Die Sammlungen zeigen die gesamte Makron\u00e4hrstoffmenge f\u00fcr jeden Block an. Wenn du gerne Mahlzeiten planst, solltest du das Template &#8220;Leere Woche&#8221; nutzen. Es zeigt die Makros f\u00fcr jeden Tag.  <\/p>\n\n<p>Wenn du diese Website verl\u00e4sst und zur\u00fcckkehrst, sind deine Sammlungen immer noch verf\u00fcgbar. Du kannst auch eine <a href=\"https:\/\/dishyouwell.com\/de\/einkauf-organisieren\/\"><strong>Einkaufsliste<\/strong><\/a> f\u00fcr diese Rezepte erstellen. <\/p>\n<div id=\"wprm-recipe-collections-app\" class=\"wprm-recipe-collections-layout-grid\" data-modal-uid=\"1\"><\/div>","protected":false},"excerpt":{"rendered":"<p>Hier kannst du Rezepte speichern, die du in der Suche findest. Nutze Sammlungen, um deine Lieblingsrezepte zu speichern und Mahlzeiten zu planen. Die Sammlungen zeigen die gesamte Makron\u00e4hrstoffmenge f\u00fcr jeden Block an. Wenn du gerne Mahlzeiten planst, solltest du das Template &#8220;Leere Woche&#8221; nutzen. Es zeigt die Makros f\u00fcr jeden Tag. Wenn du diese Website &#8230; <a title=\"Mahlzeiten planen\" class=\"read-more\" href=\"https:\/\/dishyouwell.com\/de\/mahlzeiten-planen\/\" aria-label=\"Mehr Informationen \u00fcber Mahlzeiten planen\">Weiterlesen<\/a><\/p>\n","protected":false},"author":1,"featured_media":0,"parent":0,"menu_order":0,"comment_status":"closed","ping_status":"closed","template":"","meta":{"wprm-recipe-roundup-name":"","wprm-recipe-roundup-description":"","wpupg_custom_link":[],"wpupg_custom_link_behaviour":[],"wpupg_custom_link_nofollow":[],"wpupg_custom_image":[],"wpupg_custom_image_id":[],"footnotes":""},"class_list":["post-13350","page","type-page","status-publish"],"yoast_head":"<!-- This site is optimized with the Yoast SEO plugin v26.1.1 - https:\/\/yoast.com\/wordpress\/plugins\/seo\/ -->\n<title>Rezeptsammlungen - deine gespeicherten Rezepte<\/title>\n<meta name=\"description\" content=\"Rezeptsammlungen erm\u00f6glichen es dir, deine Lieblingsrezepte zu speichern. Du kannst auch deine Mahlzeiten f\u00fcr die Woche planen, einschlie\u00dflich der berechneten N\u00e4hrwerte.\" \/>\n<meta name=\"robots\" content=\"index, follow, max-snippet:-1, max-image-preview:large, max-video-preview:-1\" \/>\n<link rel=\"canonical\" href=\"https:\/\/dishyouwell.com\/de\/mahlzeiten-planen\/\" \/>\n<meta property=\"og:locale\" content=\"de_DE\" \/>\n<meta property=\"og:type\" content=\"article\" \/>\n<meta property=\"og:title\" content=\"Rezeptsammlungen - deine gespeicherten Rezepte\" \/>\n<meta property=\"og:description\" content=\"Rezeptsammlungen erm\u00f6glichen es dir, deine Lieblingsrezepte zu speichern. Du kannst auch deine Mahlzeiten f\u00fcr die Woche planen, einschlie\u00dflich der berechneten N\u00e4hrwerte.\" \/>\n<meta property=\"og:url\" content=\"https:\/\/dishyouwell.com\/de\/mahlzeiten-planen\/\" \/>\n<meta property=\"og:site_name\" content=\"dishyouwell\" \/>\n<meta property=\"article:modified_time\" content=\"2025-08-23T19:13:46+00:00\" \/>\n<meta name=\"twitter:card\" content=\"summary_large_image\" \/>\n<script type=\"application\/ld+json\" class=\"yoast-schema-graph\">{\"@context\":\"https:\/\/schema.org\",\"@graph\":[{\"@type\":\"WebPage\",\"@id\":\"https:\/\/dishyouwell.com\/de\/mahlzeiten-planen\/\",\"url\":\"https:\/\/dishyouwell.com\/de\/mahlzeiten-planen\/\",\"name\":\"Rezeptsammlungen - deine gespeicherten Rezepte\",\"isPartOf\":{\"@id\":\"https:\/\/dishyouwell.com\/de\/#website\"},\"datePublished\":\"2025-02-02T06:15:37+00:00\",\"dateModified\":\"2025-08-23T19:13:46+00:00\",\"description\":\"Rezeptsammlungen erm\u00f6glichen es dir, deine Lieblingsrezepte zu speichern. Du kannst auch deine Mahlzeiten f\u00fcr die Woche planen, einschlie\u00dflich der berechneten N\u00e4hrwerte.\",\"breadcrumb\":{\"@id\":\"https:\/\/dishyouwell.com\/de\/mahlzeiten-planen\/#breadcrumb\"},\"inLanguage\":\"de\",\"potentialAction\":[{\"@type\":\"ReadAction\",\"target\":[\"https:\/\/dishyouwell.com\/de\/mahlzeiten-planen\/\"]}]},{\"@type\":\"BreadcrumbList\",\"@id\":\"https:\/\/dishyouwell.com\/de\/mahlzeiten-planen\/#breadcrumb\",\"itemListElement\":[{\"@type\":\"ListItem\",\"position\":1,\"name\":\"Home\",\"item\":\"https:\/\/dishyouwell.com\/de\/\"},{\"@type\":\"ListItem\",\"position\":2,\"name\":\"Mahlzeiten planen\"}]},{\"@type\":\"WebSite\",\"@id\":\"https:\/\/dishyouwell.com\/de\/#website\",\"url\":\"https:\/\/dishyouwell.com\/de\/\",\"name\":\"dishyouwell\",\"description\":\"Make your dishes come true.\",\"publisher\":{\"@id\":\"https:\/\/dishyouwell.com\/de\/#organization\"},\"potentialAction\":[{\"@type\":\"SearchAction\",\"target\":{\"@type\":\"EntryPoint\",\"urlTemplate\":\"https:\/\/dishyouwell.com\/de\/?s={search_term_string}\"},\"query-input\":{\"@type\":\"PropertyValueSpecification\",\"valueRequired\":true,\"valueName\":\"search_term_string\"}}],\"inLanguage\":\"de\"},{\"@type\":\"Organization\",\"@id\":\"https:\/\/dishyouwell.com\/de\/#organization\",\"name\":\"dishyouwell\",\"url\":\"https:\/\/dishyouwell.com\/de\/\",\"logo\":{\"@type\":\"ImageObject\",\"inLanguage\":\"de\",\"@id\":\"https:\/\/dishyouwell.com\/de\/#\/schema\/logo\/image\/\",\"url\":\"https:\/\/dishyouwell.com\/wp-content\/uploads\/2025\/01\/dishyouwell_logo_web.png\",\"contentUrl\":\"https:\/\/dishyouwell.com\/wp-content\/uploads\/2025\/01\/dishyouwell_logo_web.png\",\"width\":400,\"height\":209,\"caption\":\"dishyouwell\"},\"image\":{\"@id\":\"https:\/\/dishyouwell.com\/de\/#\/schema\/logo\/image\/\"}}]}<\/script>\n<!-- \/ Yoast SEO plugin. -->","yoast_head_json":{"title":"Rezeptsammlungen - deine gespeicherten Rezepte","description":"Rezeptsammlungen erm\u00f6glichen es dir, deine Lieblingsrezepte zu speichern. Du kannst auch deine Mahlzeiten f\u00fcr die Woche planen, einschlie\u00dflich der berechneten N\u00e4hrwerte.","robots":{"index":"index","follow":"follow","max-snippet":"max-snippet:-1","max-image-preview":"max-image-preview:large","max-video-preview":"max-video-preview:-1"},"canonical":"https:\/\/dishyouwell.com\/de\/mahlzeiten-planen\/","og_locale":"de_DE","og_type":"article","og_title":"Rezeptsammlungen - deine gespeicherten Rezepte","og_description":"Rezeptsammlungen erm\u00f6glichen es dir, deine Lieblingsrezepte zu speichern. Du kannst auch deine Mahlzeiten f\u00fcr die Woche planen, einschlie\u00dflich der berechneten N\u00e4hrwerte.","og_url":"https:\/\/dishyouwell.com\/de\/mahlzeiten-planen\/","og_site_name":"dishyouwell","article_modified_time":"2025-08-23T19:13:46+00:00","twitter_card":"summary_large_image","schema":{"@context":"https:\/\/schema.org","@graph":[{"@type":"WebPage","@id":"https:\/\/dishyouwell.com\/de\/mahlzeiten-planen\/","url":"https:\/\/dishyouwell.com\/de\/mahlzeiten-planen\/","name":"Rezeptsammlungen - deine gespeicherten Rezepte","isPartOf":{"@id":"https:\/\/dishyouwell.com\/de\/#website"},"datePublished":"2025-02-02T06:15:37+00:00","dateModified":"2025-08-23T19:13:46+00:00","description":"Rezeptsammlungen erm\u00f6glichen es dir, deine Lieblingsrezepte zu speichern. Du kannst auch deine Mahlzeiten f\u00fcr die Woche planen, einschlie\u00dflich der berechneten N\u00e4hrwerte.","breadcrumb":{"@id":"https:\/\/dishyouwell.com\/de\/mahlzeiten-planen\/#breadcrumb"},"inLanguage":"de","potentialAction":[{"@type":"ReadAction","target":["https:\/\/dishyouwell.com\/de\/mahlzeiten-planen\/"]}]},{"@type":"BreadcrumbList","@id":"https:\/\/dishyouwell.com\/de\/mahlzeiten-planen\/#breadcrumb","itemListElement":[{"@type":"ListItem","position":1,"name":"Home","item":"https:\/\/dishyouwell.com\/de\/"},{"@type":"ListItem","position":2,"name":"Mahlzeiten planen"}]},{"@type":"WebSite","@id":"https:\/\/dishyouwell.com\/de\/#website","url":"https:\/\/dishyouwell.com\/de\/","name":"dishyouwell","description":"Make your dishes come true.","publisher":{"@id":"https:\/\/dishyouwell.com\/de\/#organization"},"potentialAction":[{"@type":"SearchAction","target":{"@type":"EntryPoint","urlTemplate":"https:\/\/dishyouwell.com\/de\/?s={search_term_string}"},"query-input":{"@type":"PropertyValueSpecification","valueRequired":true,"valueName":"search_term_string"}}],"inLanguage":"de"},{"@type":"Organization","@id":"https:\/\/dishyouwell.com\/de\/#organization","name":"dishyouwell","url":"https:\/\/dishyouwell.com\/de\/","logo":{"@type":"ImageObject","inLanguage":"de","@id":"https:\/\/dishyouwell.com\/de\/#\/schema\/logo\/image\/","url":"https:\/\/dishyouwell.com\/wp-content\/uploads\/2025\/01\/dishyouwell_logo_web.png","contentUrl":"https:\/\/dishyouwell.com\/wp-content\/uploads\/2025\/01\/dishyouwell_logo_web.png","width":400,"height":209,"caption":"dishyouwell"},"image":{"@id":"https:\/\/dishyouwell.com\/de\/#\/schema\/logo\/image\/"}}]}},"_links":{"self":[{"href":"https:\/\/dishyouwell.com\/de\/wp-json\/wp\/v2\/pages\/13350","targetHints":{"allow":["GET"]}}],"collection":[{"href":"https:\/\/dishyouwell.com\/de\/wp-json\/wp\/v2\/pages"}],"about":[{"href":"https:\/\/dishyouwell.com\/de\/wp-json\/wp\/v2\/types\/page"}],"author":[{"embeddable":true,"href":"https:\/\/dishyouwell.com\/de\/wp-json\/wp\/v2\/users\/1"}],"replies":[{"embeddable":true,"href":"https:\/\/dishyouwell.com\/de\/wp-json\/wp\/v2\/comments?post=13350"}],"version-history":[{"count":0,"href":"https:\/\/dishyouwell.com\/de\/wp-json\/wp\/v2\/pages\/13350\/revisions"}],"wp:attachment":[{"href":"https:\/\/dishyouwell.com\/de\/wp-json\/wp\/v2\/media?parent=13350"}],"curies":[{"name":"wp","href":"https:\/\/api.w.org\/{rel}","templated":true}]}}