{"id":13281,"date":"2025-02-16T14:46:54","date_gmt":"2025-02-16T13:46:54","guid":{"rendered":"https:\/\/dishyouwell.com\/datenschutzrichtlinie\/"},"modified":"2025-08-12T21:31:39","modified_gmt":"2025-08-12T19:31:39","slug":"datenschutzrichtlinie","status":"publish","type":"page","link":"https:\/\/dishyouwell.com\/de\/datenschutzrichtlinie\/","title":{"rendered":"Datenschutzrichtlinie"},"content":{"rendered":"\n<h2 class=\"wp-block-heading\">Wer wir sind<\/h2>\n\n<p>Unsere Website-Adresse lautet: https:\/\/dishyouwell.com.<\/p>\n\n<h2 class=\"wp-block-heading\">Kommentare und Rezepteinreichungen<\/h2>\n\n<p>Wenn Besucher Kommentare hinterlassen oder Rezepte einsenden, erfassen wir die Daten, die im Kommentar oder Formular angegeben werden, sowie die IP-Adresse des Besuchers und den Browser-User-Agent, um Spam zu erkennen.<\/p>\n\n<p>Eine anonymisierte Zeichenfolge, die aus Ihrer E-Mail-Adresse erzeugt wird (auch \u201eHash\u201c genannt), kann an den Gravatar-Dienst \u00fcbermittelt werden, um zu pr\u00fcfen, ob du diesen Dienst nutzt. Die Datenschutzbestimmungen von Gravatar findest du hier: https:\/\/automattic.com\/privacy\/. Nach Freigabe deines Kommentars ist dein Profilbild \u00f6ffentlich im Zusammenhang mit deinem Kommentar sichtbar. <\/p>\n\n<h2 class=\"wp-block-heading\">Newsletter-Abonnement<\/h2>\n\n<p>Wenn du dich f\u00fcr unseren Newsletter anmeldest, erfassen wir deine E-Mail-Adresse und deinen Vornamen. Diese Informationen werden verwendet, um dir den Dishyouwell Newsletter, Updates und Werbeaktionen zu schicken. Wir verwenden ein Double-Opt-In-Verfahren, um sicherzustellen, dass du dem Erhalt unserer E-Mails ausdr\u00fccklich zugestimmt hast. Du erh\u00e4ltst eine Best\u00e4tigungs-E-Mail, und erst wenn du dein Abonnement best\u00e4tigt hast, wirst du in unseren Verteiler aufgenommen.   <\/p>\n\n<p>Wir speichern deine E-Mail-Adresse und deine pers\u00f6nlichen Daten, solange du dich angemeldet hast. Du kannst den Newsletter jederzeit abbestellen, und deine Daten werden bei der Abbestellung gel\u00f6scht. Du kannst dich abmelden, indem du auf den Link &#8220;Abmelden&#8221; in einem unserer Newsletter klickst oder uns direkt unter <a href=\"mailto:info@dishyouwell.com\">info@dishyouwell.com kontaktierst .<\/a>  <\/p>\n\n<p>F\u00fcr die Verwaltung und den Versand unserer Newsletter nutzen wir E-Mail-Marketingdienste von Drittanbietern, wie MailPoet. Du erkl\u00e4rst dich mit deiner Anmeldung damit einverstanden, dass deine Daten an diese Anbieter weitergeleitet werden, die sie in \u00dcbereinstimmung mit den geltenden Datenschutzgesetzen verarbeiten. Du kannst die Datenschutzbestimmungen von MailPoet hier einsehen: https: <a href=\"https:\/\/automattic.com\/privacy\/\">\/\/automattic.com\/privacy\/.<\/a>  <\/p>\n\n<p>Au\u00dferdem k\u00f6nnen unsere Newsletter Tracking-Technologien (z. B. Tracking-Pixel) enthalten, mit denen wir messen k\u00f6nnen, wie die Empf\u00e4nger\/innen mit den Inhalten interargieren. Du kannst Cookies deaktivieren oder E-Mail-Programme verwenden, die Tracking blockieren, wenn du nicht getrackt werden m\u00f6chtest. <\/p>\n\n<h2 class=\"wp-block-heading\">Medien<\/h2>\n\n<p>Wenn du Bilder auf die Website hochl\u00e4dst, solltest du es vermeiden, Bilder hochzuladen, die eingebettete Standortdaten (EXIF-GPS) enthalten. Die Besucher der Website k\u00f6nnen alle Standortdaten von den Bildern auf der Website herunterladen und extrahieren. <\/p>\n\n<h2 class=\"wp-block-heading\">Cookies<\/h2>\n\n<p>Wenn du einen Kommentar auf unserer Seite hinterl\u00e4sst, kannst du zustimmen, dass dein Name, deine E-Mail-Adresse und deine Website in Cookies gespeichert werden. Diese dienen deinem Komfort, damit du deine Daten nicht erneut eingeben musst, wenn du einen weiteren Kommentar hinterl\u00e4sst. Diese Cookies sind ein Jahr lang g\u00fcltig.  <\/p>\n\n<h2 class=\"wp-block-heading\">Eingebettete Inhalte von anderen Websites<\/h2>\n\n<p>Beitr\u00e4ge auf dieser Seite k\u00f6nnen eingebettete Inhalte enthalten (z. B. Videos, Bilder, Artikel). Eingebettete Inhalte verhalten sich genauso, als h\u00e4tten Sie die andere Webseite direkt besucht. <\/p>\n\n<p>Diese Websites k\u00f6nnen Daten \u00fcber dich sammeln, Cookies verwenden, zus\u00e4tzliche Trackingfunktionen von Drittanbietern einbetten und deine Interaktion mit diesen eingebetteten Inhalten \u00fcberwachen, einschlie\u00dflich der Verfolgung deiner Interaktion mit den eingebetteten Inhalten, wenn du ein Konto hast und auf dieser Website eingeloggt bist.<br\/><br\/><a>Unsere Webseite enth\u00e4lt eingebettete Videos von YouTube, einem Dienst der Google LLC. Wenn du ein eingebettetes YouTube-Video abspielst, kann Google Informationen wie deine IP-Adresse, Browserdetails und deine Interaktionen mit dem Video erfassen. YouTube kann auch Cookies setzen oder Tracking-Technologien verwenden, selbst wenn du nicht direkt auf das Video klickst. Bist du in deinem Google-Konto angemeldet, w\u00e4hrend du unsere Webseite besuchst, k\u00f6nnen die gesammelten Daten deinem Google-Profil zugeordnet werden. Weitere Informationen zur Datenverarbeitung durch YouTube findest du hier: https:\/\/policies.google.com\/privacy<\/a>    <\/p>\n\n<h2 class=\"wp-block-heading\">Wie wir deine Daten verwenden<\/h2>\n\n<p>Wir sammeln und verarbeiten deine personenbezogenen Daten, um dir ein besseres Nutzererlebnis auf unserer Website zu bieten. Die Daten werden f\u00fcr die folgenden Zwecke verwendet: <\/p>\n\n<p>Google Analytics:<br\/>Wir verwenden Google Analytics, einen Webanalysedienst von Google Inc., um zu verstehen, wie Besucher unsere Webseite nutzen. Google Analytics verwendet Cookies, um Nutzungsdaten zu erfassen, darunter deine IP-Adresse, die vor der \u00dcbertragung an Google anonymisiert wird. Dies hilft uns, Trends zu analysieren, die Effektivit\u00e4t unserer Webseite zu \u00fcberwachen und die Nutzererfahrung zu verbessern.  <\/p>\n\n<p>Die von Google Analytics erfassten Daten werden gem\u00e4\u00df den geltenden Datenschutzbestimmungen, einschlie\u00dflich der EU-Datenschutzgrundverordnung (DSGVO), verarbeitet. Du kannst die Datenerfassung durch Google Analytics verhindern, indem du das <a>Browser-Add-on zur Deaktivierung von Google Analytics<\/a> installierst oder Statistik-Cookies in unserem Cookie-Hinweis deaktivierst. <\/p>\n\n<p>Andere Daten:<br\/>Neben Google Analytics verwenden wir deine Daten zur Erbringung von Services, zur Beantwortung von Anfragen und zur Sicherstellung der Sicherheit und Funktionalit\u00e4t unserer Webseite.<\/p>\n\n<h2 class=\"wp-block-heading\">Wie lange wir deine Daten aufbewahren<\/h2>\n\n<p>Wenn du einen Kommentar hinterl\u00e4sst oder ein Rezept einreichst, werden der Kommentar oder das Rezept und seine Metadaten auf unbestimmte Zeit gespeichert. So k\u00f6nnen wir Folgekommentare automatisch erkennen und genehmigen, anstatt sie in einer Moderationswarteschlange zu halten. <\/p>\n\n<h2 class=\"wp-block-heading\">Welche Rechte du \u00fcber deine Daten hast<\/h2>\n\n<p>Wenn du Kommentare oder Rezepte hinterlassen hast, kannst du eine Kopie der personenbezogenen Daten, die wir \u00fcber dich gespeichert haben, anfordern. Au\u00dferdem kannst du die L\u00f6schung deiner personenbezogenen Daten verlangen, sofern wir diese nicht aus administrativen, rechtlichen oder sicherheitsrelevanten Gr\u00fcnden weiterhin aufbewahren m\u00fcssen.  <\/p>\n\n<h2 class=\"wp-block-heading\">Wohin deine Daten gesendet werden<\/h2>\n\n<p>Besucherkommentare k\u00f6nnen durch einen automatischen Spam-Erkennungsdienst \u00fcberpr\u00fcft werden.<\/p>\n\n<p>Deine Daten k\u00f6nnen in die USA oder in andere L\u00e4nder au\u00dferhalb des Europ\u00e4ischen Wirtschaftsraums (EWR) \u00fcbertragen und dort verarbeitet werden. Google Analytics kann Daten in den USA speichern, wobei Google sich dem EU-US Privacy Shield Framework verpflichtet hat, um angemessene Datenschutzstandards zu gew\u00e4hrleisten. <\/p>\n","protected":false},"excerpt":{"rendered":"<p>Wer wir sind Unsere Website-Adresse lautet: https:\/\/dishyouwell.com. Kommentare und Rezepteinreichungen Wenn Besucher Kommentare hinterlassen oder Rezepte einsenden, erfassen wir die Daten, die im Kommentar oder Formular angegeben werden, sowie die IP-Adresse des Besuchers und den Browser-User-Agent, um Spam zu erkennen. Eine anonymisierte Zeichenfolge, die aus Ihrer E-Mail-Adresse erzeugt wird (auch \u201eHash\u201c genannt), kann an den &#8230; <a title=\"Datenschutzrichtlinie\" class=\"read-more\" href=\"https:\/\/dishyouwell.com\/de\/datenschutzrichtlinie\/\" aria-label=\"Mehr Informationen \u00fcber Datenschutzrichtlinie\">Weiterlesen<\/a><\/p>\n","protected":false},"author":1,"featured_media":0,"parent":0,"menu_order":0,"comment_status":"closed","ping_status":"closed","template":"","meta":{"wprm-recipe-roundup-name":"","wprm-recipe-roundup-description":"","wpupg_custom_link":[],"wpupg_custom_link_behaviour":[],"wpupg_custom_link_nofollow":[],"wpupg_custom_image":[],"wpupg_custom_image_id":[],"footnotes":""},"class_list":["post-13281","page","type-page","status-publish"],"yoast_head":"<!-- This site is optimized with the Yoast SEO plugin v26.1.1 - https:\/\/yoast.com\/wordpress\/plugins\/seo\/ -->\n<title>Datenschutzrichtlinie - dishyouwell<\/title>\n<meta name=\"robots\" content=\"index, follow, max-snippet:-1, max-image-preview:large, max-video-preview:-1\" \/>\n<link rel=\"canonical\" href=\"https:\/\/dishyouwell.com\/de\/datenschutzrichtlinie\/\" \/>\n<meta property=\"og:locale\" content=\"de_DE\" \/>\n<meta property=\"og:type\" content=\"article\" \/>\n<meta property=\"og:title\" content=\"Datenschutzrichtlinie - dishyouwell\" \/>\n<meta property=\"og:description\" content=\"Wer wir sind Unsere Website-Adresse lautet: https:\/\/dishyouwell.com. Kommentare und Rezepteinreichungen Wenn Besucher Kommentare hinterlassen oder Rezepte einsenden, erfassen wir die Daten, die im Kommentar oder Formular angegeben werden, sowie die IP-Adresse des Besuchers und den Browser-User-Agent, um Spam zu erkennen. Eine anonymisierte Zeichenfolge, die aus Ihrer E-Mail-Adresse erzeugt wird (auch \u201eHash\u201c genannt), kann an den ... Weiterlesen\" \/>\n<meta property=\"og:url\" content=\"https:\/\/dishyouwell.com\/de\/datenschutzrichtlinie\/\" \/>\n<meta property=\"og:site_name\" content=\"dishyouwell\" \/>\n<meta property=\"article:modified_time\" content=\"2025-08-12T19:31:39+00:00\" \/>\n<meta name=\"twitter:card\" content=\"summary_large_image\" \/>\n<meta name=\"twitter:label1\" content=\"Gesch\u00e4tzte Lesezeit\" \/>\n\t<meta name=\"twitter:data1\" content=\"4\u00a0Minuten\" \/>\n<script type=\"application\/ld+json\" class=\"yoast-schema-graph\">{\"@context\":\"https:\/\/schema.org\",\"@graph\":[{\"@type\":\"WebPage\",\"@id\":\"https:\/\/dishyouwell.com\/de\/datenschutzrichtlinie\/\",\"url\":\"https:\/\/dishyouwell.com\/de\/datenschutzrichtlinie\/\",\"name\":\"Datenschutzrichtlinie - dishyouwell\",\"isPartOf\":{\"@id\":\"https:\/\/dishyouwell.com\/de\/#website\"},\"datePublished\":\"2025-02-16T13:46:54+00:00\",\"dateModified\":\"2025-08-12T19:31:39+00:00\",\"breadcrumb\":{\"@id\":\"https:\/\/dishyouwell.com\/de\/datenschutzrichtlinie\/#breadcrumb\"},\"inLanguage\":\"de\",\"potentialAction\":[{\"@type\":\"ReadAction\",\"target\":[\"https:\/\/dishyouwell.com\/de\/datenschutzrichtlinie\/\"]}]},{\"@type\":\"BreadcrumbList\",\"@id\":\"https:\/\/dishyouwell.com\/de\/datenschutzrichtlinie\/#breadcrumb\",\"itemListElement\":[{\"@type\":\"ListItem\",\"position\":1,\"name\":\"Home\",\"item\":\"https:\/\/dishyouwell.com\/de\/\"},{\"@type\":\"ListItem\",\"position\":2,\"name\":\"Datenschutzrichtlinie\"}]},{\"@type\":\"WebSite\",\"@id\":\"https:\/\/dishyouwell.com\/de\/#website\",\"url\":\"https:\/\/dishyouwell.com\/de\/\",\"name\":\"dishyouwell\",\"description\":\"Make your dishes come true.\",\"publisher\":{\"@id\":\"https:\/\/dishyouwell.com\/de\/#organization\"},\"potentialAction\":[{\"@type\":\"SearchAction\",\"target\":{\"@type\":\"EntryPoint\",\"urlTemplate\":\"https:\/\/dishyouwell.com\/de\/?s={search_term_string}\"},\"query-input\":{\"@type\":\"PropertyValueSpecification\",\"valueRequired\":true,\"valueName\":\"search_term_string\"}}],\"inLanguage\":\"de\"},{\"@type\":\"Organization\",\"@id\":\"https:\/\/dishyouwell.com\/de\/#organization\",\"name\":\"dishyouwell\",\"url\":\"https:\/\/dishyouwell.com\/de\/\",\"logo\":{\"@type\":\"ImageObject\",\"inLanguage\":\"de\",\"@id\":\"https:\/\/dishyouwell.com\/de\/#\/schema\/logo\/image\/\",\"url\":\"https:\/\/dishyouwell.com\/wp-content\/uploads\/2025\/01\/dishyouwell_logo_web.png\",\"contentUrl\":\"https:\/\/dishyouwell.com\/wp-content\/uploads\/2025\/01\/dishyouwell_logo_web.png\",\"width\":400,\"height\":209,\"caption\":\"dishyouwell\"},\"image\":{\"@id\":\"https:\/\/dishyouwell.com\/de\/#\/schema\/logo\/image\/\"}}]}<\/script>\n<!-- \/ Yoast SEO plugin. -->","yoast_head_json":{"title":"Datenschutzrichtlinie - dishyouwell","robots":{"index":"index","follow":"follow","max-snippet":"max-snippet:-1","max-image-preview":"max-image-preview:large","max-video-preview":"max-video-preview:-1"},"canonical":"https:\/\/dishyouwell.com\/de\/datenschutzrichtlinie\/","og_locale":"de_DE","og_type":"article","og_title":"Datenschutzrichtlinie - dishyouwell","og_description":"Wer wir sind Unsere Website-Adresse lautet: https:\/\/dishyouwell.com. Kommentare und Rezepteinreichungen Wenn Besucher Kommentare hinterlassen oder Rezepte einsenden, erfassen wir die Daten, die im Kommentar oder Formular angegeben werden, sowie die IP-Adresse des Besuchers und den Browser-User-Agent, um Spam zu erkennen. Eine anonymisierte Zeichenfolge, die aus Ihrer E-Mail-Adresse erzeugt wird (auch \u201eHash\u201c genannt), kann an den ... Weiterlesen","og_url":"https:\/\/dishyouwell.com\/de\/datenschutzrichtlinie\/","og_site_name":"dishyouwell","article_modified_time":"2025-08-12T19:31:39+00:00","twitter_card":"summary_large_image","twitter_misc":{"Gesch\u00e4tzte Lesezeit":"4\u00a0Minuten"},"schema":{"@context":"https:\/\/schema.org","@graph":[{"@type":"WebPage","@id":"https:\/\/dishyouwell.com\/de\/datenschutzrichtlinie\/","url":"https:\/\/dishyouwell.com\/de\/datenschutzrichtlinie\/","name":"Datenschutzrichtlinie - dishyouwell","isPartOf":{"@id":"https:\/\/dishyouwell.com\/de\/#website"},"datePublished":"2025-02-16T13:46:54+00:00","dateModified":"2025-08-12T19:31:39+00:00","breadcrumb":{"@id":"https:\/\/dishyouwell.com\/de\/datenschutzrichtlinie\/#breadcrumb"},"inLanguage":"de","potentialAction":[{"@type":"ReadAction","target":["https:\/\/dishyouwell.com\/de\/datenschutzrichtlinie\/"]}]},{"@type":"BreadcrumbList","@id":"https:\/\/dishyouwell.com\/de\/datenschutzrichtlinie\/#breadcrumb","itemListElement":[{"@type":"ListItem","position":1,"name":"Home","item":"https:\/\/dishyouwell.com\/de\/"},{"@type":"ListItem","position":2,"name":"Datenschutzrichtlinie"}]},{"@type":"WebSite","@id":"https:\/\/dishyouwell.com\/de\/#website","url":"https:\/\/dishyouwell.com\/de\/","name":"dishyouwell","description":"Make your dishes come true.","publisher":{"@id":"https:\/\/dishyouwell.com\/de\/#organization"},"potentialAction":[{"@type":"SearchAction","target":{"@type":"EntryPoint","urlTemplate":"https:\/\/dishyouwell.com\/de\/?s={search_term_string}"},"query-input":{"@type":"PropertyValueSpecification","valueRequired":true,"valueName":"search_term_string"}}],"inLanguage":"de"},{"@type":"Organization","@id":"https:\/\/dishyouwell.com\/de\/#organization","name":"dishyouwell","url":"https:\/\/dishyouwell.com\/de\/","logo":{"@type":"ImageObject","inLanguage":"de","@id":"https:\/\/dishyouwell.com\/de\/#\/schema\/logo\/image\/","url":"https:\/\/dishyouwell.com\/wp-content\/uploads\/2025\/01\/dishyouwell_logo_web.png","contentUrl":"https:\/\/dishyouwell.com\/wp-content\/uploads\/2025\/01\/dishyouwell_logo_web.png","width":400,"height":209,"caption":"dishyouwell"},"image":{"@id":"https:\/\/dishyouwell.com\/de\/#\/schema\/logo\/image\/"}}]}},"_links":{"self":[{"href":"https:\/\/dishyouwell.com\/de\/wp-json\/wp\/v2\/pages\/13281","targetHints":{"allow":["GET"]}}],"collection":[{"href":"https:\/\/dishyouwell.com\/de\/wp-json\/wp\/v2\/pages"}],"about":[{"href":"https:\/\/dishyouwell.com\/de\/wp-json\/wp\/v2\/types\/page"}],"author":[{"embeddable":true,"href":"https:\/\/dishyouwell.com\/de\/wp-json\/wp\/v2\/users\/1"}],"replies":[{"embeddable":true,"href":"https:\/\/dishyouwell.com\/de\/wp-json\/wp\/v2\/comments?post=13281"}],"version-history":[{"count":0,"href":"https:\/\/dishyouwell.com\/de\/wp-json\/wp\/v2\/pages\/13281\/revisions"}],"wp:attachment":[{"href":"https:\/\/dishyouwell.com\/de\/wp-json\/wp\/v2\/media?parent=13281"}],"curies":[{"name":"wp","href":"https:\/\/api.w.org\/{rel}","templated":true}]}}