{"id":13275,"date":"2025-02-17T07:42:48","date_gmt":"2025-02-17T06:42:48","guid":{"rendered":"https:\/\/dishyouwell.com\/impressum\/"},"modified":"2025-09-24T20:43:43","modified_gmt":"2025-09-24T18:43:43","slug":"impressum","status":"publish","type":"page","link":"https:\/\/dishyouwell.com\/de\/impressum\/","title":{"rendered":"Impressum"},"content":{"rendered":"\n<p><strong>1. Informationen nach \u00a7 5 TMG (Deutsches Telemediengesetz)<\/strong><\/p>\n\n\n\n<p><strong>Website-Betreiber:<\/strong><br>Maximilian Krebs<br>Hasengartenstr. 23 &#8211; 65189 Wiesbaden &#8211; Deutschland<br>E-Mail: info@dishyouwell.com<br>Telefon: +49 7221 374 5889<\/p>\n\n\n\n<p><strong>2. Haftungsausschluss<\/strong><\/p>\n\n\n\n<p>Die Inhalte dieser Webseite wurden mit gr\u00f6\u00dfter Sorgfalt erstellt. Dennoch \u00fcbernimmt der Betreiber keine Gew\u00e4hr f\u00fcr die Richtigkeit, Vollst\u00e4ndigkeit und Aktualit\u00e4t der bereitgestellten Inhalte. Die Nutzung der Inhalte der Webseite erfolgt auf eigene Gefahr des Nutzers.  <\/p>\n\n\n\n<p><strong>3. Links zu externen Websites<\/strong><\/p>\n\n\n\n<p>Diese Webseite kann Links zu externen Webseiten Dritter enthalten, auf deren Inhalte der Betreiber keinen Einfluss hat. Deshalb kann der Betreiber f\u00fcr diese fremden Inhalte auch keine Gew\u00e4hr \u00fcbernehmen. F\u00fcr die Inhalte der verlinkten Seiten ist stets der jeweilige Anbieter oder Betreiber der Seiten verantwortlich.   <\/p>\n\n\n\n<p><strong>4. Urheberrechte und Markenzeichen<\/strong><\/p>\n\n\n\n<p>Die auf dieser Webseite ver\u00f6ffentlichten Inhalte und Werke unterliegen dem deutschen Urheberrecht. Jede vom Urheberrecht nicht ausdr\u00fccklich zugelassene Verwertung bedarf der vorherigen schriftlichen Zustimmung des jeweiligen Autors bzw. Erstellers.  <br>Das Logo und alle damit verbundenen Markenmaterialien auf dieser Webseite sind geistiges Eigentum von Maximilian Krebs und durch Markenrecht gesch\u00fctzt. Die unbefugte Nutzung des Logos, der Marke oder anderer damit verbundener Materialien ist untersagt und kann rechtliche Schritte nach sich ziehen. Alle Rechte vorbehalten.  <\/p>\n\n\n\n<p><strong>5. Datenschutz<\/strong><\/p>\n\n\n\n<p>Informationen zur Verarbeitung deiner personenbezogenen Daten, findest du in unserer <a href=\"https:\/\/dishyouwell.com\/de\/datenschutzrichtlinie\/\" data-type=\"page\" data-id=\"1962\">Datenschutzerkl\u00e4rung<\/a>.<\/p>\n","protected":false},"excerpt":{"rendered":"<p>1. Informationen nach \u00a7 5 TMG (Deutsches Telemediengesetz) Website-Betreiber:Maximilian KrebsHasengartenstr. 23 &#8211; 65189 Wiesbaden &#8211; DeutschlandE-Mail: info@dishyouwell.comTelefon: +49 7221 374 5889 2. Haftungsausschluss Die Inhalte dieser Webseite wurden mit gr\u00f6\u00dfter Sorgfalt erstellt. Dennoch \u00fcbernimmt der Betreiber keine Gew\u00e4hr f\u00fcr die Richtigkeit, Vollst\u00e4ndigkeit und Aktualit\u00e4t der bereitgestellten Inhalte. Die Nutzung der Inhalte der Webseite erfolgt auf &#8230; <a title=\"Impressum\" class=\"read-more\" href=\"https:\/\/dishyouwell.com\/de\/impressum\/\" aria-label=\"Mehr Informationen \u00fcber Impressum\">Weiterlesen<\/a><\/p>\n","protected":false},"author":1,"featured_media":0,"parent":0,"menu_order":0,"comment_status":"closed","ping_status":"closed","template":"","meta":{"wprm-recipe-roundup-name":"","wprm-recipe-roundup-description":"","wpupg_custom_link":[],"wpupg_custom_link_behaviour":[],"wpupg_custom_link_nofollow":[],"wpupg_custom_image":[],"wpupg_custom_image_id":[],"footnotes":""},"class_list":["post-13275","page","type-page","status-publish"],"yoast_head":"<!-- This site is optimized with the Yoast SEO plugin v26.1.1 - https:\/\/yoast.com\/wordpress\/plugins\/seo\/ -->\n<title>Impressum - dishyouwell<\/title>\n<meta name=\"robots\" content=\"index, follow, max-snippet:-1, max-image-preview:large, max-video-preview:-1\" \/>\n<link rel=\"canonical\" href=\"https:\/\/dishyouwell.com\/de\/impressum\/\" \/>\n<meta property=\"og:locale\" content=\"de_DE\" \/>\n<meta property=\"og:type\" content=\"article\" \/>\n<meta property=\"og:title\" content=\"Impressum - dishyouwell\" \/>\n<meta property=\"og:description\" content=\"1. Informationen nach \u00a7 5 TMG (Deutsches Telemediengesetz) Website-Betreiber:Maximilian KrebsHasengartenstr. 23 &#8211; 65189 Wiesbaden &#8211; DeutschlandE-Mail: info@dishyouwell.comTelefon: +49 7221 374 5889 2. Haftungsausschluss Die Inhalte dieser Webseite wurden mit gr\u00f6\u00dfter Sorgfalt erstellt. Dennoch \u00fcbernimmt der Betreiber keine Gew\u00e4hr f\u00fcr die Richtigkeit, Vollst\u00e4ndigkeit und Aktualit\u00e4t der bereitgestellten Inhalte. Die Nutzung der Inhalte der Webseite erfolgt auf ... Weiterlesen\" \/>\n<meta property=\"og:url\" content=\"https:\/\/dishyouwell.com\/de\/impressum\/\" \/>\n<meta property=\"og:site_name\" content=\"dishyouwell\" \/>\n<meta property=\"article:modified_time\" content=\"2025-09-24T18:43:43+00:00\" \/>\n<meta name=\"twitter:card\" content=\"summary_large_image\" \/>\n<meta name=\"twitter:label1\" content=\"Gesch\u00e4tzte Lesezeit\" \/>\n\t<meta name=\"twitter:data1\" content=\"1\u00a0Minute\" \/>\n<script type=\"application\/ld+json\" class=\"yoast-schema-graph\">{\"@context\":\"https:\/\/schema.org\",\"@graph\":[{\"@type\":\"WebPage\",\"@id\":\"https:\/\/dishyouwell.com\/de\/impressum\/\",\"url\":\"https:\/\/dishyouwell.com\/de\/impressum\/\",\"name\":\"Impressum - dishyouwell\",\"isPartOf\":{\"@id\":\"https:\/\/dishyouwell.com\/de\/#website\"},\"datePublished\":\"2025-02-17T06:42:48+00:00\",\"dateModified\":\"2025-09-24T18:43:43+00:00\",\"breadcrumb\":{\"@id\":\"https:\/\/dishyouwell.com\/de\/impressum\/#breadcrumb\"},\"inLanguage\":\"de\",\"potentialAction\":[{\"@type\":\"ReadAction\",\"target\":[\"https:\/\/dishyouwell.com\/de\/impressum\/\"]}]},{\"@type\":\"BreadcrumbList\",\"@id\":\"https:\/\/dishyouwell.com\/de\/impressum\/#breadcrumb\",\"itemListElement\":[{\"@type\":\"ListItem\",\"position\":1,\"name\":\"Home\",\"item\":\"https:\/\/dishyouwell.com\/de\/\"},{\"@type\":\"ListItem\",\"position\":2,\"name\":\"Impressum\"}]},{\"@type\":\"WebSite\",\"@id\":\"https:\/\/dishyouwell.com\/de\/#website\",\"url\":\"https:\/\/dishyouwell.com\/de\/\",\"name\":\"dishyouwell\",\"description\":\"Make your dishes come true.\",\"publisher\":{\"@id\":\"https:\/\/dishyouwell.com\/de\/#organization\"},\"potentialAction\":[{\"@type\":\"SearchAction\",\"target\":{\"@type\":\"EntryPoint\",\"urlTemplate\":\"https:\/\/dishyouwell.com\/de\/?s={search_term_string}\"},\"query-input\":{\"@type\":\"PropertyValueSpecification\",\"valueRequired\":true,\"valueName\":\"search_term_string\"}}],\"inLanguage\":\"de\"},{\"@type\":\"Organization\",\"@id\":\"https:\/\/dishyouwell.com\/de\/#organization\",\"name\":\"dishyouwell\",\"url\":\"https:\/\/dishyouwell.com\/de\/\",\"logo\":{\"@type\":\"ImageObject\",\"inLanguage\":\"de\",\"@id\":\"https:\/\/dishyouwell.com\/de\/#\/schema\/logo\/image\/\",\"url\":\"https:\/\/dishyouwell.com\/wp-content\/uploads\/2025\/01\/dishyouwell_logo_web.png\",\"contentUrl\":\"https:\/\/dishyouwell.com\/wp-content\/uploads\/2025\/01\/dishyouwell_logo_web.png\",\"width\":400,\"height\":209,\"caption\":\"dishyouwell\"},\"image\":{\"@id\":\"https:\/\/dishyouwell.com\/de\/#\/schema\/logo\/image\/\"}}]}<\/script>\n<!-- \/ Yoast SEO plugin. -->","yoast_head_json":{"title":"Impressum - dishyouwell","robots":{"index":"index","follow":"follow","max-snippet":"max-snippet:-1","max-image-preview":"max-image-preview:large","max-video-preview":"max-video-preview:-1"},"canonical":"https:\/\/dishyouwell.com\/de\/impressum\/","og_locale":"de_DE","og_type":"article","og_title":"Impressum - dishyouwell","og_description":"1. Informationen nach \u00a7 5 TMG (Deutsches Telemediengesetz) Website-Betreiber:Maximilian KrebsHasengartenstr. 23 &#8211; 65189 Wiesbaden &#8211; DeutschlandE-Mail: info@dishyouwell.comTelefon: +49 7221 374 5889 2. Haftungsausschluss Die Inhalte dieser Webseite wurden mit gr\u00f6\u00dfter Sorgfalt erstellt. Dennoch \u00fcbernimmt der Betreiber keine Gew\u00e4hr f\u00fcr die Richtigkeit, Vollst\u00e4ndigkeit und Aktualit\u00e4t der bereitgestellten Inhalte. Die Nutzung der Inhalte der Webseite erfolgt auf ... Weiterlesen","og_url":"https:\/\/dishyouwell.com\/de\/impressum\/","og_site_name":"dishyouwell","article_modified_time":"2025-09-24T18:43:43+00:00","twitter_card":"summary_large_image","twitter_misc":{"Gesch\u00e4tzte Lesezeit":"1\u00a0Minute"},"schema":{"@context":"https:\/\/schema.org","@graph":[{"@type":"WebPage","@id":"https:\/\/dishyouwell.com\/de\/impressum\/","url":"https:\/\/dishyouwell.com\/de\/impressum\/","name":"Impressum - dishyouwell","isPartOf":{"@id":"https:\/\/dishyouwell.com\/de\/#website"},"datePublished":"2025-02-17T06:42:48+00:00","dateModified":"2025-09-24T18:43:43+00:00","breadcrumb":{"@id":"https:\/\/dishyouwell.com\/de\/impressum\/#breadcrumb"},"inLanguage":"de","potentialAction":[{"@type":"ReadAction","target":["https:\/\/dishyouwell.com\/de\/impressum\/"]}]},{"@type":"BreadcrumbList","@id":"https:\/\/dishyouwell.com\/de\/impressum\/#breadcrumb","itemListElement":[{"@type":"ListItem","position":1,"name":"Home","item":"https:\/\/dishyouwell.com\/de\/"},{"@type":"ListItem","position":2,"name":"Impressum"}]},{"@type":"WebSite","@id":"https:\/\/dishyouwell.com\/de\/#website","url":"https:\/\/dishyouwell.com\/de\/","name":"dishyouwell","description":"Make your dishes come true.","publisher":{"@id":"https:\/\/dishyouwell.com\/de\/#organization"},"potentialAction":[{"@type":"SearchAction","target":{"@type":"EntryPoint","urlTemplate":"https:\/\/dishyouwell.com\/de\/?s={search_term_string}"},"query-input":{"@type":"PropertyValueSpecification","valueRequired":true,"valueName":"search_term_string"}}],"inLanguage":"de"},{"@type":"Organization","@id":"https:\/\/dishyouwell.com\/de\/#organization","name":"dishyouwell","url":"https:\/\/dishyouwell.com\/de\/","logo":{"@type":"ImageObject","inLanguage":"de","@id":"https:\/\/dishyouwell.com\/de\/#\/schema\/logo\/image\/","url":"https:\/\/dishyouwell.com\/wp-content\/uploads\/2025\/01\/dishyouwell_logo_web.png","contentUrl":"https:\/\/dishyouwell.com\/wp-content\/uploads\/2025\/01\/dishyouwell_logo_web.png","width":400,"height":209,"caption":"dishyouwell"},"image":{"@id":"https:\/\/dishyouwell.com\/de\/#\/schema\/logo\/image\/"}}]}},"_links":{"self":[{"href":"https:\/\/dishyouwell.com\/de\/wp-json\/wp\/v2\/pages\/13275","targetHints":{"allow":["GET"]}}],"collection":[{"href":"https:\/\/dishyouwell.com\/de\/wp-json\/wp\/v2\/pages"}],"about":[{"href":"https:\/\/dishyouwell.com\/de\/wp-json\/wp\/v2\/types\/page"}],"author":[{"embeddable":true,"href":"https:\/\/dishyouwell.com\/de\/wp-json\/wp\/v2\/users\/1"}],"replies":[{"embeddable":true,"href":"https:\/\/dishyouwell.com\/de\/wp-json\/wp\/v2\/comments?post=13275"}],"version-history":[{"count":0,"href":"https:\/\/dishyouwell.com\/de\/wp-json\/wp\/v2\/pages\/13275\/revisions"}],"wp:attachment":[{"href":"https:\/\/dishyouwell.com\/de\/wp-json\/wp\/v2\/media?parent=13275"}],"curies":[{"name":"wp","href":"https:\/\/api.w.org\/{rel}","templated":true}]}}